{"id":916,"date":"2021-01-21T03:28:33","date_gmt":"2021-01-21T03:28:33","guid":{"rendered":"https:\/\/campingdesbaies.imagebrothers.com\/?page_id=916"},"modified":"2021-01-21T14:46:28","modified_gmt":"2021-01-21T14:46:28","slug":"rock-bass","status":"publish","type":"page","link":"https:\/\/campingdesbaies.com\/index.php\/rock-bass\/","title":{"rendered":"Crapet roche"},"content":{"rendered":"<p>[vc_section][vc_row][vc_column][vc_row_inner][vc_column_inner width=\u00a0\u00bb1\/3&Prime;][vc_column_text]<strong>Autres noms communs :<\/strong><\/p>\n<p>Crapet aux yeux rouges, crapet noir<\/p>\n<p><strong>Nom scientifique :<\/strong> Ambloplites rupestris<\/p>\n<p><strong>Nom commun anglais :<\/strong> Rock bass[\/vc_column_text][\/vc_column_inner][vc_column_inner width=\u00a0\u00bb1\/3&Prime;][vc_single_image image=\u00a0\u00bb124&Prime; alignment=\u00a0\u00bbcenter\u00a0\u00bb][\/vc_column_inner][vc_column_inner width=\u00a0\u00bb1\/3&Prime;][\/vc_column_inner][\/vc_row_inner][vc_column_text css=\u00a0\u00bb.vc_custom_1611199702439{padding-top: 30px !important;}\u00a0\u00bb]<strong>Identification<\/strong><\/p>\n<p>Forme du corps : Corps moins comprim\u00e9 lat\u00e9ralement que les autres crapets.<\/p>\n<p>Taille moyenne : 10 \u00e0 25 cm (&lt; 225 g).<\/p>\n<p>Coloration : Moins color\u00e9 que les autres crapets. Yeux orang\u00e9s ou rouge\u00e2tres; corps brun olive avec reflets bronz\u00e9s marqu\u00e9 de taches sombres (plus \u00e9videntes chez les jeunes); grosse tache noire sur chaque \u00e9caille situ\u00e9e sous la ligne lat\u00e9rale formant 8 \u00e0 10 bandes horizontales sombres; vague tache noire \u00e0 l&rsquo;extr\u00e9mit\u00e9 de l&rsquo;opercule.<\/p>\n<p>Traits externes caract\u00e9ristiques : Yeux tr\u00e8s grands; plusieurs petites dents; 2 nageoires dorsales reli\u00e9es donnant l&rsquo;impression d&rsquo;une seule (nageoire avant \u00e0 10, 11 ou 12 \u00e9pines et nageoire arri\u00e8re \u00e0 rayons mous); nageoires pectorales mod\u00e9r\u00e9ment hautes sur le corps; nageoires pelviennes en position thoracique presque sous les nageoires pectorales; nageoire anale longue avec 6 \u00e9pines ac\u00e9r\u00e9es; nageoire caudale peu \u00e0 mod\u00e9r\u00e9ment fourchue.<\/p>\n<p><strong>Habitat<\/strong><\/p>\n<p>Eau chaude (18 \u00e0 24oC), peu profonde et claire \u00e0 v\u00e9g\u00e9tation dense et \u00e0 fond rocheux, rarement \u00e0 fond s\u00e9dimentaire. Lacs, \u00e9tangs et rivi\u00e8res \u00e0 faible courant. Les adultes sont gr\u00e9gaires et s&rsquo;associent souvent \u00e0 d&rsquo;autres esp\u00e8ces de la m\u00eame famille (achigan \u00e0 petite bouche, crapet-soleil).<\/p>\n<p>Alimentation<\/p>\n<p>Le crapet de roche se nourrit principalement sur le fond et parfois en surface. Son r\u00e9gime alimentaire se compose surtout d&rsquo;insectes aquatiques, \u00e9crevisses et petits poissons (m\u00e9n\u00e9s, perchaude, parfois jeunes crapets de roche).<\/p>\n<p><strong>Reproduction<\/strong><\/p>\n<p>Saison : Fin printemps \u00e0 d\u00e9but \u00e9t\u00e9, juin \u00e0 d\u00e9but juillet.<\/p>\n<p>Type de fray\u00e8re : Eau calme et peu profonde sur fond de sable grossier, de gravier ou organique.<\/p>\n<p>Mode : Le m\u00e2le devient tr\u00e8s agressif. Il construit un nid circulaire peu profond d&rsquo;un diam\u00e8tre allant jusqu&rsquo;\u00e0 65 cm. G\u00e9n\u00e9ralement, les nids sont tr\u00e8s pr\u00e8s les uns des autres. Un nid peut contenir les oeufs de plusieurs femelles. De plus, une m\u00eame femelle peut frayer dans plus d\u2019un nid. Celle-ci pond, selon sa taille, entre 2 000 \u00e0 11 000 oeufs adh\u00e9sifs qui \u00e9closent apr\u00e8s 3 \u00e0 4 jours. Le m\u00e2le prot\u00e8ge les oeufs et les alevins.[\/vc_column_text][\/vc_column][\/vc_row][\/vc_section]<\/p>\n","protected":false},"excerpt":{"rendered":"<p>[vc_section][vc_row][vc_column][vc_row_inner][vc_column_inner width=\u00a0\u00bb1\/3&Prime;][vc_column_text]Autres noms communs : Crapet aux yeux rouges, crapet noir Nom scientifique : Ambloplites rupestris Nom commun anglais : Rock bass[\/vc_column_text][\/vc_column_inner][vc_column_inner width=\u00a0\u00bb1\/3&Prime;][vc_single_image image=\u00a0\u00bb124&Prime; alignment=\u00a0\u00bbcenter\u00a0\u00bb][\/vc_column_inner][vc_column_inner width=\u00a0\u00bb1\/3&Prime;][\/vc_column_inner][\/vc_row_inner][vc_column_text css=\u00a0\u00bb.vc_custom_1611199702439{padding-top: 30px !important;}\u00a0\u00bb]Identification Forme [&hellip;]<\/p>\n","protected":false},"author":7,"featured_media":0,"parent":0,"menu_order":0,"comment_status":"closed","ping_status":"closed","template":"","meta":{"footnotes":""},"class_list":["post-916","page","type-page","status-publish","hentry"],"yoast_head":"<!-- This site is optimized with the Yoast SEO plugin v23.3 - https:\/\/yoast.com\/wordpress\/plugins\/seo\/ -->\n<title>Crapet roche - Camping des baies<\/title>\n<meta name=\"robots\" content=\"index, follow, max-snippet:-1, max-image-preview:large, max-video-preview:-1\" \/>\n<link rel=\"canonical\" href=\"https:\/\/campingdesbaies.com\/index.php\/rock-bass\/\" \/>\n<meta property=\"og:locale\" content=\"fr_FR\" \/>\n<meta property=\"og:type\" content=\"article\" \/>\n<meta property=\"og:title\" content=\"Crapet roche - Camping des baies\" \/>\n<meta property=\"og:description\" content=\"[vc_section][vc_row][vc_column][vc_row_inner][vc_column_inner width=\u00a0\u00bb1\/3&Prime;][vc_column_text]Autres noms communs : Crapet aux yeux rouges, crapet noir Nom scientifique : Ambloplites rupestris Nom commun anglais : Rock bass[\/vc_column_text][\/vc_column_inner][vc_column_inner width=\u00a0\u00bb1\/3&Prime;][vc_single_image image=\u00a0\u00bb124&Prime; alignment=\u00a0\u00bbcenter\u00a0\u00bb][\/vc_column_inner][vc_column_inner width=\u00a0\u00bb1\/3&Prime;][\/vc_column_inner][\/vc_row_inner][vc_column_text css=\u00a0\u00bb.vc_custom_1611199702439{padding-top: 30px !important;}\u00a0\u00bb]Identification Forme [&hellip;]\" \/>\n<meta property=\"og:url\" content=\"https:\/\/campingdesbaies.com\/index.php\/rock-bass\/\" \/>\n<meta property=\"og:site_name\" content=\"Camping des baies\" \/>\n<meta property=\"article:modified_time\" content=\"2021-01-21T14:46:28+00:00\" \/>\n<meta name=\"twitter:card\" content=\"summary_large_image\" \/>\n<meta name=\"twitter:label1\" content=\"Dur\u00e9e de lecture estim\u00e9e\" \/>\n\t<meta name=\"twitter:data1\" content=\"2 minutes\" \/>\n<script type=\"application\/ld+json\" class=\"yoast-schema-graph\">{\"@context\":\"https:\/\/schema.org\",\"@graph\":[{\"@type\":\"WebPage\",\"@id\":\"https:\/\/campingdesbaies.com\/index.php\/rock-bass\/\",\"url\":\"https:\/\/campingdesbaies.com\/index.php\/rock-bass\/\",\"name\":\"Crapet roche - Camping des baies\",\"isPartOf\":{\"@id\":\"https:\/\/campingdesbaies.com\/#website\"},\"datePublished\":\"2021-01-21T03:28:33+00:00\",\"dateModified\":\"2021-01-21T14:46:28+00:00\",\"breadcrumb\":{\"@id\":\"https:\/\/campingdesbaies.com\/index.php\/rock-bass\/#breadcrumb\"},\"inLanguage\":\"fr-FR\",\"potentialAction\":[{\"@type\":\"ReadAction\",\"target\":[\"https:\/\/campingdesbaies.com\/index.php\/rock-bass\/\"]}]},{\"@type\":\"BreadcrumbList\",\"@id\":\"https:\/\/campingdesbaies.com\/index.php\/rock-bass\/#breadcrumb\",\"itemListElement\":[{\"@type\":\"ListItem\",\"position\":1,\"name\":\"Accueil\",\"item\":\"https:\/\/campingdesbaies.com\/\"},{\"@type\":\"ListItem\",\"position\":2,\"name\":\"Crapet roche\"}]},{\"@type\":\"WebSite\",\"@id\":\"https:\/\/campingdesbaies.com\/#website\",\"url\":\"https:\/\/campingdesbaies.com\/\",\"name\":\"Camping des baies\",\"description\":\"Enjoy some much-needed rest &amp; relaxation\",\"potentialAction\":[{\"@type\":\"SearchAction\",\"target\":{\"@type\":\"EntryPoint\",\"urlTemplate\":\"https:\/\/campingdesbaies.com\/?s={search_term_string}\"},\"query-input\":\"required name=search_term_string\"}],\"inLanguage\":\"fr-FR\"}]}<\/script>\n<!-- \/ Yoast SEO plugin. -->","yoast_head_json":{"title":"Crapet roche - Camping des baies","robots":{"index":"index","follow":"follow","max-snippet":"max-snippet:-1","max-image-preview":"max-image-preview:large","max-video-preview":"max-video-preview:-1"},"canonical":"https:\/\/campingdesbaies.com\/index.php\/rock-bass\/","og_locale":"fr_FR","og_type":"article","og_title":"Crapet roche - Camping des baies","og_description":"[vc_section][vc_row][vc_column][vc_row_inner][vc_column_inner width=\u00a0\u00bb1\/3&Prime;][vc_column_text]Autres noms communs : Crapet aux yeux rouges, crapet noir Nom scientifique : Ambloplites rupestris Nom commun anglais : Rock bass[\/vc_column_text][\/vc_column_inner][vc_column_inner width=\u00a0\u00bb1\/3&Prime;][vc_single_image image=\u00a0\u00bb124&Prime; alignment=\u00a0\u00bbcenter\u00a0\u00bb][\/vc_column_inner][vc_column_inner width=\u00a0\u00bb1\/3&Prime;][\/vc_column_inner][\/vc_row_inner][vc_column_text css=\u00a0\u00bb.vc_custom_1611199702439{padding-top: 30px !important;}\u00a0\u00bb]Identification Forme [&hellip;]","og_url":"https:\/\/campingdesbaies.com\/index.php\/rock-bass\/","og_site_name":"Camping des baies","article_modified_time":"2021-01-21T14:46:28+00:00","twitter_card":"summary_large_image","twitter_misc":{"Dur\u00e9e de lecture estim\u00e9e":"2 minutes"},"schema":{"@context":"https:\/\/schema.org","@graph":[{"@type":"WebPage","@id":"https:\/\/campingdesbaies.com\/index.php\/rock-bass\/","url":"https:\/\/campingdesbaies.com\/index.php\/rock-bass\/","name":"Crapet roche - Camping des baies","isPartOf":{"@id":"https:\/\/campingdesbaies.com\/#website"},"datePublished":"2021-01-21T03:28:33+00:00","dateModified":"2021-01-21T14:46:28+00:00","breadcrumb":{"@id":"https:\/\/campingdesbaies.com\/index.php\/rock-bass\/#breadcrumb"},"inLanguage":"fr-FR","potentialAction":[{"@type":"ReadAction","target":["https:\/\/campingdesbaies.com\/index.php\/rock-bass\/"]}]},{"@type":"BreadcrumbList","@id":"https:\/\/campingdesbaies.com\/index.php\/rock-bass\/#breadcrumb","itemListElement":[{"@type":"ListItem","position":1,"name":"Accueil","item":"https:\/\/campingdesbaies.com\/"},{"@type":"ListItem","position":2,"name":"Crapet roche"}]},{"@type":"WebSite","@id":"https:\/\/campingdesbaies.com\/#website","url":"https:\/\/campingdesbaies.com\/","name":"Camping des baies","description":"Enjoy some much-needed rest &amp; relaxation","potentialAction":[{"@type":"SearchAction","target":{"@type":"EntryPoint","urlTemplate":"https:\/\/campingdesbaies.com\/?s={search_term_string}"},"query-input":"required name=search_term_string"}],"inLanguage":"fr-FR"}]}},"_links":{"self":[{"href":"https:\/\/campingdesbaies.com\/index.php\/wp-json\/wp\/v2\/pages\/916","targetHints":{"allow":["GET"]}}],"collection":[{"href":"https:\/\/campingdesbaies.com\/index.php\/wp-json\/wp\/v2\/pages"}],"about":[{"href":"https:\/\/campingdesbaies.com\/index.php\/wp-json\/wp\/v2\/types\/page"}],"author":[{"embeddable":true,"href":"https:\/\/campingdesbaies.com\/index.php\/wp-json\/wp\/v2\/users\/7"}],"replies":[{"embeddable":true,"href":"https:\/\/campingdesbaies.com\/index.php\/wp-json\/wp\/v2\/comments?post=916"}],"version-history":[{"count":0,"href":"https:\/\/campingdesbaies.com\/index.php\/wp-json\/wp\/v2\/pages\/916\/revisions"}],"wp:attachment":[{"href":"https:\/\/campingdesbaies.com\/index.php\/wp-json\/wp\/v2\/media?parent=916"}],"curies":[{"name":"wp","href":"https:\/\/api.w.org\/{rel}","templated":true}]}}