{"id":767,"date":"2021-01-11T23:57:02","date_gmt":"2021-01-11T23:57:02","guid":{"rendered":"https:\/\/campingdesbaies.imagebrothers.com\/?page_id=767"},"modified":"2021-01-19T14:53:22","modified_gmt":"2021-01-19T14:53:22","slug":"discount","status":"publish","type":"page","link":"https:\/\/campingdesbaies.com\/index.php\/discount\/","title":{"rendered":"Rabais"},"content":{"rendered":"<p>[vc_section css=\u00a0\u00bb.vc_custom_1609813836368{padding-top: 0px !important;background-image: url(https:\/\/campingdesbaies.com\/wp-content\/uploads\/2021\/01\/camping-PW86CCY-scaled.jpg?id=709) !important;background-position: center !important;background-repeat: no-repeat !important;background-size: cover !important;}\u00a0\u00bb][vc_row full_width=\u00a0\u00bbstretch_row\u00a0\u00bb row_overlay=\u00a0\u00bbcolor\u00a0\u00bb row_overlay_opacity=\u00a0\u00bb65&Prime; row_overlay_color=\u00a0\u00bb#0c0c0c\u00a0\u00bb css=\u00a0\u00bb.vc_custom_1607492342166{padding-top: 100px !important;padding-bottom: 100px !important;}\u00a0\u00bb][vc_column width=\u00a0\u00bb1\/2&Prime;][\/vc_column][vc_column width=\u00a0\u00bb1\/2&Prime;][vc_custom_heading text=\u00a0\u00bbRabais Saisonnier\u00a0\u00bb use_theme_fonts=\u00a0\u00bbyes\u00a0\u00bb font_container=\u00a0\u00bbtag:h2|font_size:50|text_align:left|color:%23ffffff\u00a0\u00bb][\/vc_column][\/vc_row][\/vc_section][vc_section][vc_row full_width=\u00a0\u00bbstretch_row_content\u00a0\u00bb][vc_column][vc_column_text css=\u00a0\u00bb.vc_custom_1611066886088{padding-bottom: 50px !important;}\u00a0\u00bb]<\/p>\n<h2 style=\"font-size: 40px; text-align: center;\"><strong>Pr\u00e9sentez le re\u00e7u de votre dernier s\u00e9jour dans l&rsquo;un des campings:<\/strong><\/h2>\n<p>[\/vc_column_text][vc_row_inner css=\u00a0\u00bb.vc_custom_1609816459057{padding-bottom: 50px !important;}\u00a0\u00bb][vc_column_inner width=\u00a0\u00bb1\/4&Prime;][rdy_icon_text type=\u00a0\u00bbimg\u00a0\u00bb custom_icon_size=\u00a0\u00bb80&Prime; title=\u00a0\u00bbObtenez 20% de r\u00e9duction\u00a0\u00bb title_tag=\u00a0\u00bbh2&Prime; image=\u00a0\u00bb713&Prime; el_class=\u00a0\u00bbicon\u00a0\u00bb][\/rdy_icon_text][\/vc_column_inner][vc_column_inner width=\u00a0\u00bb1\/4&Prime;][rdy_icon_text type=\u00a0\u00bbimg\u00a0\u00bb custom_icon_size=\u00a0\u00bb80&Prime; title=\u00a0\u00bbLe dernier s\u00e9jour doit \u00eatre d&rsquo;au moins 2 nuits\u00a0\u00bb title_tag=\u00a0\u00bbh2&Prime; image=\u00a0\u00bb719&Prime; el_class=\u00a0\u00bbicon\u00a0\u00bb][\/rdy_icon_text][\/vc_column_inner][vc_column_inner width=\u00a0\u00bb1\/4&Prime;][rdy_icon_text type=\u00a0\u00bbimg\u00a0\u00bb custom_icon_size=\u00a0\u00bb80&Prime; title=\u00a0\u00bbValable uniquement dans la m\u00eame saison\u00a0\u00bb title_tag=\u00a0\u00bbh2&Prime; image=\u00a0\u00bb729&Prime; el_class=\u00a0\u00bbicon\u00a0\u00bb][\/rdy_icon_text][\/vc_column_inner][vc_column_inner width=\u00a0\u00bb1\/4&Prime;][rdy_icon_text type=\u00a0\u00bbimg\u00a0\u00bb custom_icon_size=\u00a0\u00bb80&Prime; title=\u00a0\u00bbNe peut pas \u00eatre combin\u00e9 avec une autre promotion\u00a0\u00bb title_tag=\u00a0\u00bbh2&Prime; image=\u00a0\u00bb731&Prime; el_class=\u00a0\u00bbicon\u00a0\u00bb][\/rdy_icon_text][\/vc_column_inner][\/vc_row_inner][\/vc_column][\/vc_row][\/vc_section]<\/p>\n","protected":false},"excerpt":{"rendered":"<p>[vc_section css=\u00a0\u00bb.vc_custom_1609813836368{padding-top: 0px !important;background-image: url(https:\/\/campingdesbaies.com\/wp-content\/uploads\/2021\/01\/camping-PW86CCY-scaled.jpg?id=709) !important;background-position: center !important;background-repeat: no-repeat !important;background-size: cover !important;}\u00a0\u00bb][vc_row full_width=\u00a0\u00bbstretch_row\u00a0\u00bb row_overlay=\u00a0\u00bbcolor\u00a0\u00bb row_overlay_opacity=\u00a0\u00bb65&Prime; row_overlay_color=\u00a0\u00bb#0c0c0c\u00a0\u00bb css=\u00a0\u00bb.vc_custom_1607492342166{padding-top: 100px !important;padding-bottom: 100px !important;}\u00a0\u00bb][vc_column width=\u00a0\u00bb1\/2&Prime;][\/vc_column][vc_column width=\u00a0\u00bb1\/2&Prime;][vc_custom_heading text=\u00a0\u00bbRabais Saisonnier\u00a0\u00bb use_theme_fonts=\u00a0\u00bbyes\u00a0\u00bb font_container=\u00a0\u00bbtag:h2|font_size:50|text_align:left|color:%23ffffff\u00a0\u00bb][\/vc_column][\/vc_row][\/vc_section][vc_section][vc_row full_width=\u00a0\u00bbstretch_row_content\u00a0\u00bb][vc_column][vc_column_text css=\u00a0\u00bb.vc_custom_1611066886088{padding-bottom: 50px [&hellip;]<\/p>\n","protected":false},"author":7,"featured_media":0,"parent":0,"menu_order":0,"comment_status":"closed","ping_status":"closed","template":"","meta":{"footnotes":""},"class_list":["post-767","page","type-page","status-publish","hentry"],"yoast_head":"<!-- This site is optimized with the Yoast SEO plugin v23.3 - https:\/\/yoast.com\/wordpress\/plugins\/seo\/ -->\n<title>Rabais - Camping des baies<\/title>\n<meta name=\"robots\" content=\"index, follow, max-snippet:-1, max-image-preview:large, max-video-preview:-1\" \/>\n<link rel=\"canonical\" href=\"https:\/\/campingdesbaies.com\/index.php\/discount\/\" \/>\n<meta property=\"og:locale\" content=\"fr_FR\" \/>\n<meta property=\"og:type\" content=\"article\" \/>\n<meta property=\"og:title\" content=\"Rabais - Camping des baies\" \/>\n<meta property=\"og:description\" content=\"[vc_section css=\u00a0\u00bb.vc_custom_1609813836368{padding-top: 0px !important;background-image: url(https:\/\/campingdesbaies.com\/wp-content\/uploads\/2021\/01\/camping-PW86CCY-scaled.jpg?id=709) !important;background-position: center !important;background-repeat: no-repeat !important;background-size: cover !important;}\u00a0\u00bb][vc_row full_width=\u00a0\u00bbstretch_row\u00a0\u00bb row_overlay=\u00a0\u00bbcolor\u00a0\u00bb row_overlay_opacity=\u00a0\u00bb65&Prime; row_overlay_color=\u00a0\u00bb#0c0c0c\u00a0\u00bb css=\u00a0\u00bb.vc_custom_1607492342166{padding-top: 100px !important;padding-bottom: 100px !important;}\u00a0\u00bb][vc_column width=\u00a0\u00bb1\/2&Prime;][\/vc_column][vc_column width=\u00a0\u00bb1\/2&Prime;][vc_custom_heading text=\u00a0\u00bbRabais Saisonnier\u00a0\u00bb use_theme_fonts=\u00a0\u00bbyes\u00a0\u00bb font_container=\u00a0\u00bbtag:h2|font_size:50|text_align:left|color:%23ffffff\u00a0\u00bb][\/vc_column][\/vc_row][\/vc_section][vc_section][vc_row full_width=\u00a0\u00bbstretch_row_content\u00a0\u00bb][vc_column][vc_column_text css=\u00a0\u00bb.vc_custom_1611066886088{padding-bottom: 50px [&hellip;]\" \/>\n<meta property=\"og:url\" content=\"https:\/\/campingdesbaies.com\/index.php\/discount\/\" \/>\n<meta property=\"og:site_name\" content=\"Camping des baies\" \/>\n<meta property=\"article:modified_time\" content=\"2021-01-19T14:53:22+00:00\" \/>\n<meta name=\"twitter:card\" content=\"summary_large_image\" \/>\n<meta name=\"twitter:label1\" content=\"Dur\u00e9e de lecture estim\u00e9e\" \/>\n\t<meta name=\"twitter:data1\" content=\"1 minute\" \/>\n<script type=\"application\/ld+json\" class=\"yoast-schema-graph\">{\"@context\":\"https:\/\/schema.org\",\"@graph\":[{\"@type\":\"WebPage\",\"@id\":\"https:\/\/campingdesbaies.com\/index.php\/discount\/\",\"url\":\"https:\/\/campingdesbaies.com\/index.php\/discount\/\",\"name\":\"Rabais - Camping des baies\",\"isPartOf\":{\"@id\":\"https:\/\/campingdesbaies.com\/#website\"},\"datePublished\":\"2021-01-11T23:57:02+00:00\",\"dateModified\":\"2021-01-19T14:53:22+00:00\",\"breadcrumb\":{\"@id\":\"https:\/\/campingdesbaies.com\/index.php\/discount\/#breadcrumb\"},\"inLanguage\":\"fr-FR\",\"potentialAction\":[{\"@type\":\"ReadAction\",\"target\":[\"https:\/\/campingdesbaies.com\/index.php\/discount\/\"]}]},{\"@type\":\"BreadcrumbList\",\"@id\":\"https:\/\/campingdesbaies.com\/index.php\/discount\/#breadcrumb\",\"itemListElement\":[{\"@type\":\"ListItem\",\"position\":1,\"name\":\"Accueil\",\"item\":\"https:\/\/campingdesbaies.com\/\"},{\"@type\":\"ListItem\",\"position\":2,\"name\":\"Rabais\"}]},{\"@type\":\"WebSite\",\"@id\":\"https:\/\/campingdesbaies.com\/#website\",\"url\":\"https:\/\/campingdesbaies.com\/\",\"name\":\"Camping des baies\",\"description\":\"Enjoy some much-needed rest &amp; relaxation\",\"potentialAction\":[{\"@type\":\"SearchAction\",\"target\":{\"@type\":\"EntryPoint\",\"urlTemplate\":\"https:\/\/campingdesbaies.com\/?s={search_term_string}\"},\"query-input\":\"required name=search_term_string\"}],\"inLanguage\":\"fr-FR\"}]}<\/script>\n<!-- \/ Yoast SEO plugin. -->","yoast_head_json":{"title":"Rabais - Camping des baies","robots":{"index":"index","follow":"follow","max-snippet":"max-snippet:-1","max-image-preview":"max-image-preview:large","max-video-preview":"max-video-preview:-1"},"canonical":"https:\/\/campingdesbaies.com\/index.php\/discount\/","og_locale":"fr_FR","og_type":"article","og_title":"Rabais - Camping des baies","og_description":"[vc_section css=\u00a0\u00bb.vc_custom_1609813836368{padding-top: 0px !important;background-image: url(https:\/\/campingdesbaies.com\/wp-content\/uploads\/2021\/01\/camping-PW86CCY-scaled.jpg?id=709) !important;background-position: center !important;background-repeat: no-repeat !important;background-size: cover !important;}\u00a0\u00bb][vc_row full_width=\u00a0\u00bbstretch_row\u00a0\u00bb row_overlay=\u00a0\u00bbcolor\u00a0\u00bb row_overlay_opacity=\u00a0\u00bb65&Prime; row_overlay_color=\u00a0\u00bb#0c0c0c\u00a0\u00bb css=\u00a0\u00bb.vc_custom_1607492342166{padding-top: 100px !important;padding-bottom: 100px !important;}\u00a0\u00bb][vc_column width=\u00a0\u00bb1\/2&Prime;][\/vc_column][vc_column width=\u00a0\u00bb1\/2&Prime;][vc_custom_heading text=\u00a0\u00bbRabais Saisonnier\u00a0\u00bb use_theme_fonts=\u00a0\u00bbyes\u00a0\u00bb font_container=\u00a0\u00bbtag:h2|font_size:50|text_align:left|color:%23ffffff\u00a0\u00bb][\/vc_column][\/vc_row][\/vc_section][vc_section][vc_row full_width=\u00a0\u00bbstretch_row_content\u00a0\u00bb][vc_column][vc_column_text css=\u00a0\u00bb.vc_custom_1611066886088{padding-bottom: 50px [&hellip;]","og_url":"https:\/\/campingdesbaies.com\/index.php\/discount\/","og_site_name":"Camping des baies","article_modified_time":"2021-01-19T14:53:22+00:00","twitter_card":"summary_large_image","twitter_misc":{"Dur\u00e9e de lecture estim\u00e9e":"1 minute"},"schema":{"@context":"https:\/\/schema.org","@graph":[{"@type":"WebPage","@id":"https:\/\/campingdesbaies.com\/index.php\/discount\/","url":"https:\/\/campingdesbaies.com\/index.php\/discount\/","name":"Rabais - Camping des baies","isPartOf":{"@id":"https:\/\/campingdesbaies.com\/#website"},"datePublished":"2021-01-11T23:57:02+00:00","dateModified":"2021-01-19T14:53:22+00:00","breadcrumb":{"@id":"https:\/\/campingdesbaies.com\/index.php\/discount\/#breadcrumb"},"inLanguage":"fr-FR","potentialAction":[{"@type":"ReadAction","target":["https:\/\/campingdesbaies.com\/index.php\/discount\/"]}]},{"@type":"BreadcrumbList","@id":"https:\/\/campingdesbaies.com\/index.php\/discount\/#breadcrumb","itemListElement":[{"@type":"ListItem","position":1,"name":"Accueil","item":"https:\/\/campingdesbaies.com\/"},{"@type":"ListItem","position":2,"name":"Rabais"}]},{"@type":"WebSite","@id":"https:\/\/campingdesbaies.com\/#website","url":"https:\/\/campingdesbaies.com\/","name":"Camping des baies","description":"Enjoy some much-needed rest &amp; relaxation","potentialAction":[{"@type":"SearchAction","target":{"@type":"EntryPoint","urlTemplate":"https:\/\/campingdesbaies.com\/?s={search_term_string}"},"query-input":"required name=search_term_string"}],"inLanguage":"fr-FR"}]}},"_links":{"self":[{"href":"https:\/\/campingdesbaies.com\/index.php\/wp-json\/wp\/v2\/pages\/767","targetHints":{"allow":["GET"]}}],"collection":[{"href":"https:\/\/campingdesbaies.com\/index.php\/wp-json\/wp\/v2\/pages"}],"about":[{"href":"https:\/\/campingdesbaies.com\/index.php\/wp-json\/wp\/v2\/types\/page"}],"author":[{"embeddable":true,"href":"https:\/\/campingdesbaies.com\/index.php\/wp-json\/wp\/v2\/users\/7"}],"replies":[{"embeddable":true,"href":"https:\/\/campingdesbaies.com\/index.php\/wp-json\/wp\/v2\/comments?post=767"}],"version-history":[{"count":0,"href":"https:\/\/campingdesbaies.com\/index.php\/wp-json\/wp\/v2\/pages\/767\/revisions"}],"wp:attachment":[{"href":"https:\/\/campingdesbaies.com\/index.php\/wp-json\/wp\/v2\/media?parent=767"}],"curies":[{"name":"wp","href":"https:\/\/api.w.org\/{rel}","templated":true}]}}