{"id":1424,"date":"2024-09-26T15:58:52","date_gmt":"2024-09-26T15:58:52","guid":{"rendered":"https:\/\/campingdesbaies.com\/?page_id=1424"},"modified":"2024-09-26T16:21:51","modified_gmt":"2024-09-26T16:21:51","slug":"politique-des-cookies","status":"publish","type":"page","link":"https:\/\/campingdesbaies.com\/index.php\/politique-des-cookies\/","title":{"rendered":"Politique des cookies"},"content":{"rendered":"<h1>Politique des cookies<\/h1>\n<div class=\"elementor-element elementor-element-78625d8 elementor-widget elementor-widget-heading\" data-id=\"78625d8\" data-element_type=\"widget\" data-widget_type=\"heading.default\">\n<div class=\"elementor-widget-container\">\n<h2 class=\"elementor-heading-title elementor-size-default\">Politique de cookies pour Camping Des Baies:<\/h2>\n<\/div>\n<\/div>\n<div class=\"elementor-element elementor-element-ab16a86 elementor-widget elementor-widget-text-editor\" data-id=\"ab16a86\" data-element_type=\"widget\" data-widget_type=\"text-editor.default\">\n<div class=\"elementor-widget-container\">\n<p>Il s\u2019agit de la politique en mati\u00e8re de cookies de Camping Des Baies , accessible \u00e0 partir de\u00a0 <a href=\"https:\/\/campingdesbaies.com\/\">https:\/\/campingdesbaies.com\/<\/a><\/p>\n<p><strong>1. Que sont les cookies ?<\/strong><\/p>\n<p>Comme presque tous les sites web professionnels, ce site utilise des cookies, qui sont de minuscules fichiers t\u00e9l\u00e9charg\u00e9s sur votre ordinateur, afin d\u2019am\u00e9liorer votre exp\u00e9rience. Cette page d\u00e9crit les informations qu\u2019ils recueillent, la mani\u00e8re dont nous les utilisons et la raison pour laquelle nous devons parfois stocker ces cookies. Nous vous expliquons \u00e9galement comment vous pouvez emp\u00eacher ces cookies d\u2019\u00eatre stock\u00e9s, mais cela peut entra\u00eener une d\u00e9gradation ou une interruption de certains \u00e9l\u00e9ments de la fonctionnalit\u00e9 du site.<\/p>\n<p><strong>2. Comment nous utilisons les cookies<\/strong><\/p>\n<p>Nous utilisons des cookies pour diverses raisons d\u00e9taill\u00e9es ci-dessous. Malheureusement, dans la plupart des cas, il n\u2019existe pas d\u2019options standard pour d\u00e9sactiver les cookies sans d\u00e9sactiver compl\u00e8tement la fonctionnalit\u00e9 et les caract\u00e9ristiques qu\u2019ils ajoutent \u00e0 ce site. Il est recommand\u00e9 de laisser tous les cookies activ\u00e9s si vous n\u2019\u00eates pas s\u00fbr d\u2019en avoir besoin ou non, au cas o\u00f9 ils seraient utilis\u00e9s pour fournir un service que vous utilisez.<\/p>\n<p><strong>3. D\u00e9sactivation des cookies<\/strong><\/p>\n<p>Vous pouvez emp\u00eacher l\u2019installation de cookies en ajustant les param\u00e8tres de votre navigateur (voir l\u2019aide de votre navigateur pour savoir comment proc\u00e9der). Sachez que la d\u00e9sactivation des cookies affectera la fonctionnalit\u00e9 de ce site et de nombreux autres sites que vous visitez. La d\u00e9sactivation des cookies entra\u00eene g\u00e9n\u00e9ralement la d\u00e9sactivation de certaines fonctionnalit\u00e9s et caract\u00e9ristiques de ce site. Il est donc recommand\u00e9 de ne pas d\u00e9sactiver les cookies.<\/p>\n<p><strong>4. Les cookies que nous installons<\/strong><\/p>\n<p>Cookies li\u00e9s aux formulaires<\/p>\n<p>Lorsque vous soumettez des donn\u00e9es au moyen d\u2019un formulaire, comme ceux que l\u2019on trouve sur les pages de contact ou les formulaires de commentaires, des cookies peuvent \u00eatre install\u00e9s pour m\u00e9moriser vos coordonn\u00e9es d\u2019utilisateur en vue d\u2019une correspondance ult\u00e9rieure.<\/p>\n<p>Cookies relatifs aux pr\u00e9f\u00e9rences du site<\/p>\n<p>Afin de vous offrir une exp\u00e9rience agr\u00e9able sur ce site, nous vous offrons la possibilit\u00e9 de d\u00e9finir vos pr\u00e9f\u00e9rences quant au fonctionnement de ce site lorsque vous l\u2019utilisez. Pour m\u00e9moriser vos pr\u00e9f\u00e9rences, nous devons installer des cookies afin que ces informations puissent \u00eatre appel\u00e9es chaque fois que vous interagissez avec une page affect\u00e9e par vos pr\u00e9f\u00e9rences.<\/p>\n<p><strong>5. Cookies de tiers<\/strong><\/p>\n<p>Ce site utilise Google Analytics, l\u2019une des solutions d\u2019analyse les plus r\u00e9pandues et les plus fiables sur le web, pour nous aider \u00e0 comprendre comment vous utilisez le site et comment nous pouvons am\u00e9liorer votre exp\u00e9rience. Ces cookies peuvent suivre des \u00e9l\u00e9ments tels que le temps que vous passez sur le site et les pages que vous visitez afin que nous puissions continuer \u00e0 produire un contenu attrayant.<\/p>\n<p>Pour plus d\u2019informations sur les cookies de Google Analytics, consultez la page officielle de Google Analytics.<\/p>\n<p>Des outils d\u2019analyse tiers sont utilis\u00e9s pour suivre et mesurer l\u2019utilisation de ce site afin que nous puissions continuer \u00e0 produire un contenu attrayant. Ces cookies peuvent enregistrer des informations telles que le temps que vous passez sur le site ou les pages que vous visitez, ce qui nous aide \u00e0 comprendre comment nous pouvons am\u00e9liorer le site pour vous.<\/p>\n<p>De temps \u00e0 autre, nous testons de nouvelles fonctionnalit\u00e9s et apportons des changements subtils \u00e0 la mani\u00e8re dont le site est fourni. Lorsque nous testons de nouvelles fonctionnalit\u00e9s, ces cookies peuvent \u00eatre utilis\u00e9s pour garantir que vous b\u00e9n\u00e9ficiez d\u2019une exp\u00e9rience coh\u00e9rente sur le site, tout en nous permettant de comprendre quelles sont les optimisations les plus appr\u00e9ci\u00e9es par nos utilisateurs.<\/p>\n<p>Comme nous vendons des produits, il est important pour nous de comprendre les statistiques concernant le nombre de visiteurs de notre site qui effectuent effectivement un achat et c\u2019est donc ce type de donn\u00e9es que ces cookies suivront. C\u2019est important pour vous, car cela signifie que nous pouvons faire des pr\u00e9visions commerciales pr\u00e9cises qui nous permettent de contr\u00f4ler nos co\u00fbts de publicit\u00e9 et de produits afin de garantir le meilleur prix possible.<\/p>\n<p>Nous utilisons des publicit\u00e9s pour compenser les co\u00fbts de fonctionnement de ce site et financer son d\u00e9veloppement. Les cookies de publicit\u00e9 comportementale utilis\u00e9s par ce site sont con\u00e7us pour s\u2019assurer que nous vous fournissons les publicit\u00e9s les plus pertinentes possible en suivant anonymement vos int\u00e9r\u00eats et en vous pr\u00e9sentant des choses similaires susceptibles de vous int\u00e9resser.<\/p>\n<p>Nous utilisons \u00e9galement des boutons de m\u00e9dias sociaux et\/ou des plugins sur ce site qui vous permettent de vous connecter \u00e0 votre r\u00e9seau social de diff\u00e9rentes mani\u00e8res. Pour que ces boutons fonctionnent, les sites de m\u00e9dias sociaux suivants, y compris {Listez les r\u00e9seaux sociaux dont vous avez int\u00e9gr\u00e9 les fonctionnalit\u00e9s \u00e0 votre site?:12}, placeront des cookies sur notre site qui peuvent \u00eatre utilis\u00e9s pour am\u00e9liorer votre profil sur leur site ou contribuer aux donn\u00e9es qu\u2019ils d\u00e9tiennent \u00e0 diverses fins d\u00e9crites dans leurs politiques respectives de protection de la vie priv\u00e9e.<\/p>\n<p><strong>6. Use of Information<\/strong><\/p>\n<p>The information we collect from you may be used to personalize your experience, improve our website, improve customer service, process transactions, send periodic emails, or administer a contest, promotion, or survey.<\/p>\n<p><strong>7. Partage et divulgation des donn\u00e9es<\/strong><\/p>\n<p>Nous ne vendons pas, n\u2019\u00e9changeons pas et ne transf\u00e9rons pas de quelque mani\u00e8re que ce soit \u00e0 des tiers vos informations personnelles identifiables, sauf si nous vous en informons \u00e0 l\u2019avance. Cela n\u2019inclut pas les partenaires d\u2019h\u00e9bergement du site web et les autres parties qui nous aident \u00e0 exploiter notre site web, \u00e0 mener nos activit\u00e9s ou \u00e0 vous fournir des services, pour autant que ces parties acceptent de garder ces informations confidentielles.<\/p>\n<p><strong>8. Stockage des donn\u00e9es et s\u00e9curit\u00e9<\/strong><\/p>\n<p>Vos informations personnelles sont stock\u00e9es sur des serveurs s\u00e9curis\u00e9s et ne sont accessibles qu\u2019\u00e0 un nombre limit\u00e9 de personnes disposant de droits d\u2019acc\u00e8s sp\u00e9ciaux \u00e0 ces syst\u00e8mes et tenues de pr\u00e9server la confidentialit\u00e9 de ces informations.<\/p>\n<p><strong>9. Droits de l\u2019utilisateur<\/strong><\/p>\n<p>Vous avez le droit d\u2019acc\u00e9der \u00e0 vos donn\u00e9es personnelles, de les corriger ou de les supprimer \u00e0 tout moment. Veuillez nous contacter directement pour demander une telle modification.<\/p>\n<p>\u2013 vous pouvez soumettre une demande d\u2019acc\u00e8s aux donn\u00e9es que nous traitons \u00e0 votre sujet ;<br \/>\n\u2013 vous pouvez vous opposer au traitement<br \/>\n\u2013 vous pouvez demander un aper\u00e7u, dans un format couramment utilis\u00e9, des donn\u00e9es que nous traitons \u00e0 votre sujet ;<br \/>\n\u2013 vous pouvez demander la rectification ou l\u2019effacement des donn\u00e9es si elles sont incorrectes ou si elles ne sont pas ou plus pertinentes. Le cas \u00e9ch\u00e9ant, les informations modifi\u00e9es seront transmises aux tiers ayant acc\u00e8s aux informations en question.<br \/>\n\u2013 Vous avez le droit de retirer votre consentement \u00e0 tout moment, sous r\u00e9serve de restrictions l\u00e9gales ou contractuelles et d\u2019un pr\u00e9avis raisonnable. Vous serez inform\u00e9 des cons\u00e9quences d\u2019un tel retrait.<br \/>\n\u2013 Vous avez le droit de contester le non-respect de la LPRPDE aupr\u00e8s de notre organisation et, si le probl\u00e8me n\u2019est pas r\u00e9solu, aupr\u00e8s du Commissariat \u00e0 la protection de la vie priv\u00e9e du Canada.<\/p>\n<p><strong>More Information<\/strong><\/p>\n<p>Nous esp\u00e9rons avoir clarifi\u00e9 les choses pour vous et, comme indiqu\u00e9 pr\u00e9c\u00e9demment, si vous n\u2019\u00eates pas s\u00fbr d\u2019avoir besoin de quelque chose, il est g\u00e9n\u00e9ralement plus prudent de laisser les cookies activ\u00e9s au cas o\u00f9 ils interagiraient avec l\u2019une des fonctions que vous utilisez sur notre site. Toutefois, si vous souhaitez obtenir davantage d\u2019informations, vous pouvez nous contacter par l\u2019une de nos m\u00e9thodes de contact pr\u00e9f\u00e9r\u00e9es :<\/p>\n<p><strong>Nom du responsable de la confidentialit\u00e9 des donn\u00e9es\u00a0:<\/strong> David Lariviere<\/p>\n<p><strong>Adresse\u00a0:<\/strong> 368 Chemin St Pierre, Le Val-Saint-Fran\u00e7ois, QC J1S 2L5<\/p>\n<p><strong>T\u00e9l\u00e9phone\u00a0:<\/strong>\u00a0<a href=\"tel:+1-514-578-6542\">514-578-6542<\/a><\/p>\n<p><strong>Courriel\u00a0:\u00a0<\/strong><a href=\"mailto:info@campingdesbaies.com\">info@campingdesbaies.com<\/a><\/p>\n<p><strong>Heures d\u2019ouverture\u00a0:<\/strong> 8h \u00e0 17h lundi au vendredi<\/p>\n<\/div>\n<\/div>\n","protected":false},"excerpt":{"rendered":"<p>Politique des cookies Politique de cookies pour Camping Des Baies: Il s\u2019agit de la politique en mati\u00e8re de cookies de Camping Des Baies , accessible \u00e0 partir de\u00a0 https:\/\/campingdesbaies.com\/ 1. [&hellip;]<\/p>\n","protected":false},"author":7,"featured_media":0,"parent":0,"menu_order":0,"comment_status":"closed","ping_status":"closed","template":"","meta":{"footnotes":""},"class_list":["post-1424","page","type-page","status-publish","hentry"],"yoast_head":"<!-- This site is optimized with the Yoast SEO plugin v23.3 - https:\/\/yoast.com\/wordpress\/plugins\/seo\/ -->\n<title>Politique des cookies - Camping des baies<\/title>\n<meta name=\"robots\" content=\"index, follow, max-snippet:-1, max-image-preview:large, max-video-preview:-1\" \/>\n<link rel=\"canonical\" href=\"https:\/\/campingdesbaies.com\/index.php\/politique-des-cookies\/\" \/>\n<meta property=\"og:locale\" content=\"fr_FR\" \/>\n<meta property=\"og:type\" content=\"article\" \/>\n<meta property=\"og:title\" content=\"Politique des cookies - Camping des baies\" \/>\n<meta property=\"og:description\" content=\"Politique des cookies Politique de cookies pour Camping Des Baies: Il s\u2019agit de la politique en mati\u00e8re de cookies de Camping Des Baies , accessible \u00e0 partir de\u00a0 https:\/\/campingdesbaies.com\/ 1. [&hellip;]\" \/>\n<meta property=\"og:url\" content=\"https:\/\/campingdesbaies.com\/index.php\/politique-des-cookies\/\" \/>\n<meta property=\"og:site_name\" content=\"Camping des baies\" \/>\n<meta property=\"article:modified_time\" content=\"2024-09-26T16:21:51+00:00\" \/>\n<meta name=\"twitter:card\" content=\"summary_large_image\" \/>\n<meta name=\"twitter:label1\" content=\"Dur\u00e9e de lecture estim\u00e9e\" \/>\n\t<meta name=\"twitter:data1\" content=\"6 minutes\" \/>\n<script type=\"application\/ld+json\" class=\"yoast-schema-graph\">{\"@context\":\"https:\/\/schema.org\",\"@graph\":[{\"@type\":\"WebPage\",\"@id\":\"https:\/\/campingdesbaies.com\/index.php\/politique-des-cookies\/\",\"url\":\"https:\/\/campingdesbaies.com\/index.php\/politique-des-cookies\/\",\"name\":\"Politique des cookies - Camping des baies\",\"isPartOf\":{\"@id\":\"https:\/\/campingdesbaies.com\/#website\"},\"datePublished\":\"2024-09-26T15:58:52+00:00\",\"dateModified\":\"2024-09-26T16:21:51+00:00\",\"breadcrumb\":{\"@id\":\"https:\/\/campingdesbaies.com\/index.php\/politique-des-cookies\/#breadcrumb\"},\"inLanguage\":\"fr-FR\",\"potentialAction\":[{\"@type\":\"ReadAction\",\"target\":[\"https:\/\/campingdesbaies.com\/index.php\/politique-des-cookies\/\"]}]},{\"@type\":\"BreadcrumbList\",\"@id\":\"https:\/\/campingdesbaies.com\/index.php\/politique-des-cookies\/#breadcrumb\",\"itemListElement\":[{\"@type\":\"ListItem\",\"position\":1,\"name\":\"Accueil\",\"item\":\"https:\/\/campingdesbaies.com\/\"},{\"@type\":\"ListItem\",\"position\":2,\"name\":\"Politique des cookies\"}]},{\"@type\":\"WebSite\",\"@id\":\"https:\/\/campingdesbaies.com\/#website\",\"url\":\"https:\/\/campingdesbaies.com\/\",\"name\":\"Camping des baies\",\"description\":\"Enjoy some much-needed rest &amp; relaxation\",\"potentialAction\":[{\"@type\":\"SearchAction\",\"target\":{\"@type\":\"EntryPoint\",\"urlTemplate\":\"https:\/\/campingdesbaies.com\/?s={search_term_string}\"},\"query-input\":\"required name=search_term_string\"}],\"inLanguage\":\"fr-FR\"}]}<\/script>\n<!-- \/ Yoast SEO plugin. -->","yoast_head_json":{"title":"Politique des cookies - Camping des baies","robots":{"index":"index","follow":"follow","max-snippet":"max-snippet:-1","max-image-preview":"max-image-preview:large","max-video-preview":"max-video-preview:-1"},"canonical":"https:\/\/campingdesbaies.com\/index.php\/politique-des-cookies\/","og_locale":"fr_FR","og_type":"article","og_title":"Politique des cookies - Camping des baies","og_description":"Politique des cookies Politique de cookies pour Camping Des Baies: Il s\u2019agit de la politique en mati\u00e8re de cookies de Camping Des Baies , accessible \u00e0 partir de\u00a0 https:\/\/campingdesbaies.com\/ 1. [&hellip;]","og_url":"https:\/\/campingdesbaies.com\/index.php\/politique-des-cookies\/","og_site_name":"Camping des baies","article_modified_time":"2024-09-26T16:21:51+00:00","twitter_card":"summary_large_image","twitter_misc":{"Dur\u00e9e de lecture estim\u00e9e":"6 minutes"},"schema":{"@context":"https:\/\/schema.org","@graph":[{"@type":"WebPage","@id":"https:\/\/campingdesbaies.com\/index.php\/politique-des-cookies\/","url":"https:\/\/campingdesbaies.com\/index.php\/politique-des-cookies\/","name":"Politique des cookies - Camping des baies","isPartOf":{"@id":"https:\/\/campingdesbaies.com\/#website"},"datePublished":"2024-09-26T15:58:52+00:00","dateModified":"2024-09-26T16:21:51+00:00","breadcrumb":{"@id":"https:\/\/campingdesbaies.com\/index.php\/politique-des-cookies\/#breadcrumb"},"inLanguage":"fr-FR","potentialAction":[{"@type":"ReadAction","target":["https:\/\/campingdesbaies.com\/index.php\/politique-des-cookies\/"]}]},{"@type":"BreadcrumbList","@id":"https:\/\/campingdesbaies.com\/index.php\/politique-des-cookies\/#breadcrumb","itemListElement":[{"@type":"ListItem","position":1,"name":"Accueil","item":"https:\/\/campingdesbaies.com\/"},{"@type":"ListItem","position":2,"name":"Politique des cookies"}]},{"@type":"WebSite","@id":"https:\/\/campingdesbaies.com\/#website","url":"https:\/\/campingdesbaies.com\/","name":"Camping des baies","description":"Enjoy some much-needed rest &amp; relaxation","potentialAction":[{"@type":"SearchAction","target":{"@type":"EntryPoint","urlTemplate":"https:\/\/campingdesbaies.com\/?s={search_term_string}"},"query-input":"required name=search_term_string"}],"inLanguage":"fr-FR"}]}},"_links":{"self":[{"href":"https:\/\/campingdesbaies.com\/index.php\/wp-json\/wp\/v2\/pages\/1424","targetHints":{"allow":["GET"]}}],"collection":[{"href":"https:\/\/campingdesbaies.com\/index.php\/wp-json\/wp\/v2\/pages"}],"about":[{"href":"https:\/\/campingdesbaies.com\/index.php\/wp-json\/wp\/v2\/types\/page"}],"author":[{"embeddable":true,"href":"https:\/\/campingdesbaies.com\/index.php\/wp-json\/wp\/v2\/users\/7"}],"replies":[{"embeddable":true,"href":"https:\/\/campingdesbaies.com\/index.php\/wp-json\/wp\/v2\/comments?post=1424"}],"version-history":[{"count":0,"href":"https:\/\/campingdesbaies.com\/index.php\/wp-json\/wp\/v2\/pages\/1424\/revisions"}],"wp:attachment":[{"href":"https:\/\/campingdesbaies.com\/index.php\/wp-json\/wp\/v2\/media?parent=1424"}],"curies":[{"name":"wp","href":"https:\/\/api.w.org\/{rel}","templated":true}]}}